{"id":444,"date":"2014-11-19T17:12:03","date_gmt":"2014-11-19T17:12:03","guid":{"rendered":"http:\/\/demo.proteusthemes.com\/buildpress\/?page_id=444"},"modified":"2021-08-09T08:16:17","modified_gmt":"2021-08-09T08:16:17","slug":"contact-for-multiple-locations","status":"publish","type":"page","link":"https:\/\/www.victorytech.sk\/?page_id=444","title":{"rendered":"KONTAKT"},"content":{"rendered":"<div style=\"width: 630px; float: left;\"><iframe loading=\"lazy\" style=\"border: 0;\" src=\"https:\/\/www.google.com\/maps\/embed?pb=!1m18!1m12!1m3!1d2659.821076416295!2d17.03727921565088!3d48.19079877922765!2m3!1f0!2f0!3f0!3m2!1i1024!2i768!4f13.1!3m3!1m2!1s0x476c8c94eef39707%3A0x66f5bab908a8144c!2sDrobn%C3%A9ho+1903%2F16%2C+841+01+D%C3%BAbravka!5e0!3m2!1ssk!2ssk!4v1460613290372\" width=\"600\" height=\"450\" frameborder=\"0\" allowfullscreen=\"allowfullscreen\"><\/iframe><\/div>\n<div style=\"width: 450px; height:480px;float: left;\">\n<p><b><a href=\"https:\/\/www.victorytech.sk\/wp-content\/uploads\/2015\/01\/logo-e1421067986885.png\"><img loading=\"lazy\" class=\"alignnone  wp-image-10340\" src=\"https:\/\/www.victorytech.sk\/wp-content\/uploads\/2015\/01\/logo-300x71.png\" alt=\"logo\" width=\"198\" height=\"39\" \/><\/a><\/b><br \/>\nIng. Viktoria Bl\u00e1hov\u00e1<br \/>\nDrobn\u00e9ho 1903\/16<br \/>\n841 01 Bratislava-D\u00fabravka<br \/>\nSlovensk\u00e1 republika<\/p>\n<p>Kontaktn\u00e1 osoba:<br \/>\nIng. Viktoria Bl\u00e1hov\u00e1, majite\u013eka<\/p>\n<p><a href=\"mailto:blahova@victorytech.sk\">blahova@victorytech.sk<\/a><br \/>\n<br \/>\n+421 915 292 412<\/div>\n<hr>\n<h3 class=\"widget-title\">Nap\u00ed\u0161te n\u00e1m\/Write To Us\/Kontaktieren Sie uns<\/h3>\n<div role=\"form\" class=\"wpcf7\" id=\"wpcf7-f5-o1\" lang=\"en-US\" dir=\"ltr\">\n<div class=\"screen-reader-response\"><p role=\"status\" aria-live=\"polite\" aria-atomic=\"true\"><\/p> <ul><\/ul><\/div>\n<form action=\"\/index.php?rest_route=%2Fwp%2Fv2%2Fpages%2F444#wpcf7-f5-o1\" method=\"post\" class=\"wpcf7-form init\" novalidate=\"novalidate\" data-status=\"init\">\n<div style=\"display: none;\">\n<input type=\"hidden\" name=\"_wpcf7\" value=\"5\" \/>\n<input type=\"hidden\" name=\"_wpcf7_version\" value=\"5.4.1\" \/>\n<input type=\"hidden\" name=\"_wpcf7_locale\" value=\"en_US\" \/>\n<input type=\"hidden\" name=\"_wpcf7_unit_tag\" value=\"wpcf7-f5-o1\" \/>\n<input type=\"hidden\" name=\"_wpcf7_container_post\" value=\"0\" \/>\n<input type=\"hidden\" name=\"_wpcf7_posted_data_hash\" value=\"\" \/>\n<input type=\"hidden\" name=\"_wpcf7_recaptcha_response\" value=\"\" \/>\n<\/div>\n<div class=\"row\">\n<div class=\"col-xs-12  col-sm-4\">\n       <span class=\"wpcf7-form-control-wrap your-name\"><input type=\"text\" name=\"your-name\" value=\"\" size=\"40\" class=\"wpcf7-form-control wpcf7-text wpcf7-validates-as-required\" aria-required=\"true\" aria-invalid=\"false\" placeholder=\"Meno\/Name\" \/><\/span><br \/>\n       <span class=\"wpcf7-form-control-wrap your-email\"><input type=\"email\" name=\"your-email\" value=\"\" size=\"40\" class=\"wpcf7-form-control wpcf7-text wpcf7-email wpcf7-validates-as-required wpcf7-validates-as-email\" aria-required=\"true\" aria-invalid=\"false\" placeholder=\"E-mail address\" \/><\/span><br \/>\n       <span class=\"wpcf7-form-control-wrap your-subject\"><input type=\"text\" name=\"your-subject\" value=\"\" size=\"40\" class=\"wpcf7-form-control wpcf7-text\" aria-invalid=\"false\" placeholder=\"Predmet\/Subject\" \/><\/span>\n    <\/div>\n<div class=\"col-xs-12  col-sm-8\">\n      <span class=\"wpcf7-form-control-wrap your-message\"><textarea name=\"your-message\" cols=\"40\" rows=\"10\" class=\"wpcf7-form-control wpcf7-textarea\" aria-invalid=\"false\" placeholder=\"Spr\u00e1va\/Message\"><\/textarea><\/span><br \/>\n      <input type=\"submit\" value=\"POSLA\u0164\/SEND\" class=\"wpcf7-form-control wpcf7-submit btn btn-primary\" \/>\n    <\/div>\n<\/div>\n<div class=\"wpcf7-response-output\" aria-hidden=\"true\"><\/div><\/form><\/div>\n","protected":false},"excerpt":{"rendered":"<p>Ing. Viktoria Bl\u00e1hov\u00e1 Drobn\u00e9ho 1903\/16 841 01 Bratislava-D\u00fabravka Slovensk\u00e1 republika Kontaktn\u00e1 osoba: Ing. Viktoria Bl\u00e1hov\u00e1, majite\u013eka blahova@victorytech.sk +421 915 292 412 Nap\u00ed\u0161te n\u00e1m\/Write To Us\/Kontaktieren Sie uns<\/p>\n","protected":false},"author":1,"featured_media":0,"parent":0,"menu_order":0,"comment_status":"closed","ping_status":"closed","template":"template-builder-page.php","meta":[],"_links":{"self":[{"href":"https:\/\/www.victorytech.sk\/index.php?rest_route=\/wp\/v2\/pages\/444"}],"collection":[{"href":"https:\/\/www.victorytech.sk\/index.php?rest_route=\/wp\/v2\/pages"}],"about":[{"href":"https:\/\/www.victorytech.sk\/index.php?rest_route=\/wp\/v2\/types\/page"}],"author":[{"embeddable":true,"href":"https:\/\/www.victorytech.sk\/index.php?rest_route=\/wp\/v2\/users\/1"}],"replies":[{"embeddable":true,"href":"https:\/\/www.victorytech.sk\/index.php?rest_route=%2Fwp%2Fv2%2Fcomments&post=444"}],"version-history":[{"count":58,"href":"https:\/\/www.victorytech.sk\/index.php?rest_route=\/wp\/v2\/pages\/444\/revisions"}],"predecessor-version":[{"id":10686,"href":"https:\/\/www.victorytech.sk\/index.php?rest_route=\/wp\/v2\/pages\/444\/revisions\/10686"}],"wp:attachment":[{"href":"https:\/\/www.victorytech.sk\/index.php?rest_route=%2Fwp%2Fv2%2Fmedia&parent=444"}],"curies":[{"name":"wp","href":"https:\/\/api.w.org\/{rel}","templated":true}]}}