{"id":10345,"date":"2015-01-12T13:10:40","date_gmt":"2015-01-12T13:10:40","guid":{"rendered":"http:\/\/victorytech.sk\/?page_id=10345"},"modified":"2021-05-18T07:51:15","modified_gmt":"2021-05-18T07:51:15","slug":"dalsie-sluzby","status":"publish","type":"page","link":"https:\/\/www.victorytech.sk\/?page_id=10345","title":{"rendered":"\u010eAL\u0160IE SLU\u017dBY"},"content":{"rendered":"<div id=\"pl-10345\"  class=\"panel-layout\" ><div id=\"pg-10345-0\"  class=\"panel-grid panel-no-style\" ><div id=\"pgc-10345-0-0\"  class=\"panel-grid-cell\" ><div id=\"panel-10345-0-0-0\" class=\"so-panel widget widget_sow-editor panel-first-child panel-last-child\" data-index=\"0\" ><div class=\"panel-widget-style panel-widget-style-for-10345-0-0-0\" ><div class=\"so-widget-sow-editor so-widget-sow-editor-base\">\n<div class=\"siteorigin-widget-tinymce textwidget\">\n\t<\/p>\n<ul>\n<li>zabezpe\u010denie dopravy vyroben\u00fdch dielov prepravn\u00fdmi spolo\u010dnos\u0165ami k\u00a0z\u00e1kazn\u00edkovi,<\/li>\n<li>\u00a0balenie s\u00fa\u010diastok do ochrann\u00fdch obalov, ru\u010dn\u00e9 balenie do s\u00e1\u010dkov a\u00a0stretch f\u00f3lii, v\u00a0pr\u00edpade ve\u013ek\u00fdch rozmerov v\u00fdrobkov zabezpe\u010dujeme i ukladanie dielov na palety, v\u00a0krabiciach alebo s\u00a0bo\u010dn\u00fdm debnen\u00edm, pr\u00edpadne do prepravn\u00fdch kontajnerov<\/li>\n<li>\u00a0etiketovanie a\u00a0ozna\u010dovanie bal\u00edkov pred prepravou<\/li>\n<li>\u00a0na z\u00e1klade po\u017eiadavok z\u00e1kazn\u00edka sme schopn\u00ed plni\u0165 slu\u017eby, ktor\u00e9 udr\u017eiavaj\u00fa hodnotu a\u00a0kvalitu tovaru a\u00a0tak chr\u00e1ni\u0165 v\u00fdrobky balen\u00edm pre prepravu, skladovanie a\u00a0\u010fal\u0161iu manipul\u00e1ciu.<\/li>\n<\/ul>\n<p>&nbsp;<\/p><\/p>\n<\/div>\n<\/div><\/div><\/div><\/div><\/div><\/div>","protected":false},"excerpt":{"rendered":"<p>zabezpe\u010denie dopravy vyroben\u00fdch dielov prepravn\u00fdmi spolo\u010dnos\u0165ami k\u00a0z\u00e1kazn\u00edkovi, \u00a0balenie s\u00fa\u010diastok do ochrann\u00fdch obalov, ru\u010dn\u00e9 balenie do s\u00e1\u010dkov a\u00a0stretch f\u00f3lii, v\u00a0pr\u00edpade ve\u013ek\u00fdch rozmerov v\u00fdrobkov zabezpe\u010dujeme i ukladanie dielov na palety, v\u00a0krabiciach alebo s\u00a0bo\u010dn\u00fdm debnen\u00edm, pr\u00edpadne do prepravn\u00fdch kontajnerov \u00a0etiketovanie a\u00a0ozna\u010dovanie bal\u00edkov pred prepravou \u00a0na z\u00e1klade po\u017eiadavok z\u00e1kazn\u00edka sme schopn\u00ed plni\u0165 slu\u017eby, ktor\u00e9 udr\u017eiavaj\u00fa hodnotu a\u00a0kvalitu tovaru a\u00a0tak &hellip;<\/p>\n","protected":false},"author":1,"featured_media":0,"parent":0,"menu_order":0,"comment_status":"closed","ping_status":"closed","template":"template-builder-page.php","meta":[],"_links":{"self":[{"href":"https:\/\/www.victorytech.sk\/index.php?rest_route=\/wp\/v2\/pages\/10345"}],"collection":[{"href":"https:\/\/www.victorytech.sk\/index.php?rest_route=\/wp\/v2\/pages"}],"about":[{"href":"https:\/\/www.victorytech.sk\/index.php?rest_route=\/wp\/v2\/types\/page"}],"author":[{"embeddable":true,"href":"https:\/\/www.victorytech.sk\/index.php?rest_route=\/wp\/v2\/users\/1"}],"replies":[{"embeddable":true,"href":"https:\/\/www.victorytech.sk\/index.php?rest_route=%2Fwp%2Fv2%2Fcomments&post=10345"}],"version-history":[{"count":18,"href":"https:\/\/www.victorytech.sk\/index.php?rest_route=\/wp\/v2\/pages\/10345\/revisions"}],"predecessor-version":[{"id":10480,"href":"https:\/\/www.victorytech.sk\/index.php?rest_route=\/wp\/v2\/pages\/10345\/revisions\/10480"}],"wp:attachment":[{"href":"https:\/\/www.victorytech.sk\/index.php?rest_route=%2Fwp%2Fv2%2Fmedia&parent=10345"}],"curies":[{"name":"wp","href":"https:\/\/api.w.org\/{rel}","templated":true}]}}