{"id":10343,"date":"2015-01-12T13:10:21","date_gmt":"2015-01-12T13:10:21","guid":{"rendered":"http:\/\/victorytech.sk\/?page_id=10343"},"modified":"2021-05-18T08:21:44","modified_gmt":"2021-05-18T08:21:44","slug":"co-zabezpecujeme","status":"publish","type":"page","link":"https:\/\/www.victorytech.sk\/?page_id=10343","title":{"rendered":"\u010cO ZABEZPE\u010cUJEME"},"content":{"rendered":"<div id=\"pl-10343\"  class=\"panel-layout\" ><div id=\"pg-10343-0\"  class=\"panel-grid panel-has-style\" ><div class=\"panel-row-style panel-row-style-for-10343-0\" ><div id=\"pgc-10343-0-0\"  class=\"panel-grid-cell\" ><div id=\"panel-10343-0-0-0\" class=\"so-panel widget widget_sow-editor panel-first-child\" data-index=\"0\" ><div class=\"so-widget-sow-editor so-widget-sow-editor-base\">\n<div class=\"siteorigin-widget-tinymce textwidget\">\n\t<p><img loading=\"lazy\" class=\"alignnone size-full wp-image-10557\" src=\"https:\/\/www.victorytech.sk\/wp-content\/uploads\/vykres-1.jpg\" alt=\"\" width=\"600\" height=\"424\" srcset=\"https:\/\/www.victorytech.sk\/wp-content\/uploads\/vykres-1.jpg 600w, https:\/\/www.victorytech.sk\/wp-content\/uploads\/vykres-1-100x71.jpg 100w, https:\/\/www.victorytech.sk\/wp-content\/uploads\/vykres-1-300x212.jpg 300w, https:\/\/www.victorytech.sk\/wp-content\/uploads\/vykres-1-120x85.jpg 120w, https:\/\/www.victorytech.sk\/wp-content\/uploads\/vykres-1-500x353.jpg 500w, https:\/\/www.victorytech.sk\/wp-content\/uploads\/vykres-1-555x392.jpg 555w\" sizes=\"(max-width: 600px) 100vw, 600px\" \/><\/p>\n<\/div>\n<\/div><\/div><div id=\"panel-10343-0-0-1\" class=\"so-panel widget widget_sow-editor\" data-index=\"1\" ><div class=\"so-widget-sow-editor so-widget-sow-editor-base\">\n<div class=\"siteorigin-widget-tinymce textwidget\">\n\t<p><img loading=\"lazy\" class=\"alignnone wp-image-10590 size-full\" src=\"https:\/\/www.victorytech.sk\/wp-content\/uploads\/vykres-3.jpg\" alt=\"\" width=\"600\" height=\"421\" srcset=\"https:\/\/www.victorytech.sk\/wp-content\/uploads\/vykres-3.jpg 600w, https:\/\/www.victorytech.sk\/wp-content\/uploads\/vykres-3-100x70.jpg 100w, https:\/\/www.victorytech.sk\/wp-content\/uploads\/vykres-3-300x211.jpg 300w, https:\/\/www.victorytech.sk\/wp-content\/uploads\/vykres-3-120x84.jpg 120w, https:\/\/www.victorytech.sk\/wp-content\/uploads\/vykres-3-500x351.jpg 500w, https:\/\/www.victorytech.sk\/wp-content\/uploads\/vykres-3-555x389.jpg 555w\" sizes=\"(max-width: 600px) 100vw, 600px\" \/><\/p>\n<\/div>\n<\/div><\/div><div id=\"panel-10343-0-0-2\" class=\"so-panel widget widget_sow-editor panel-last-child\" data-index=\"2\" ><div class=\"so-widget-sow-editor so-widget-sow-editor-base\">\n<div class=\"siteorigin-widget-tinymce textwidget\">\n\t<p><img loading=\"lazy\" class=\"alignnone wp-image-10591 size-full\" src=\"https:\/\/www.victorytech.sk\/wp-content\/uploads\/vykres-2.jpg\" alt=\"\" width=\"600\" height=\"424\" srcset=\"https:\/\/www.victorytech.sk\/wp-content\/uploads\/vykres-2.jpg 600w, https:\/\/www.victorytech.sk\/wp-content\/uploads\/vykres-2-100x71.jpg 100w, https:\/\/www.victorytech.sk\/wp-content\/uploads\/vykres-2-300x212.jpg 300w, https:\/\/www.victorytech.sk\/wp-content\/uploads\/vykres-2-120x85.jpg 120w, https:\/\/www.victorytech.sk\/wp-content\/uploads\/vykres-2-500x353.jpg 500w, https:\/\/www.victorytech.sk\/wp-content\/uploads\/vykres-2-555x392.jpg 555w\" sizes=\"(max-width: 600px) 100vw, 600px\" \/><\/p>\n<\/div>\n<\/div><\/div><\/div><div id=\"pgc-10343-0-1\"  class=\"panel-grid-cell\" ><div id=\"panel-10343-0-1-0\" class=\"so-panel widget widget_sow-editor panel-first-child panel-last-child\" data-index=\"3\" ><div class=\"so-widget-sow-editor so-widget-sow-editor-base\">\n<div class=\"siteorigin-widget-tinymce textwidget\">\n\t<p><strong>Zabezpe\u010denie stroj\u00e1rskej v\u00fdroby<\/strong><\/p>\n<p>na z\u00e1klade dokument\u00e1cie dodanej od z\u00e1kazn\u00edka:<\/p>\n<ul>\n<li>malos\u00e9riov\u00e1 a\u00a0kusov\u00e1 v\u00fdroba dielov, konven\u010dn\u00fdm obr\u00e1ban\u00edm a\u00a0CNC obr\u00e1ban\u00edm, sl\u00fa\u017eiacich pre mont\u00e1\u017ene linky a pre stavbu jedno\u00fa\u010delov\u00fdch strojov, v\u00fdroba vzoriek a\u00a0prototypov,<\/li>\n<li>v\u00fdroba presn\u00fdch dielov, n\u00e1stroj\u00e1rensk\u00e9 pr\u00e1ce na NC a\u00a0CNC obr\u00e1bac\u00edch strojoch (vymedzovacie kr\u00fa\u017eky a\u00a0pr\u00edruby v\u00e4\u010d\u0161\u00edch rozmerov, bubny a\u00a0valce pre dopravn\u00edkov\u00e9 syst\u00e9my)<\/li>\n<li>v\u00fdroba strojn\u00fdch s\u00fa\u010dast\u00ed, strojn\u00fdch zariaden\u00ed a pr\u00edpravkov,<\/li>\n<li>s\u00e9riov\u00e1 a\u00a0ve\u013ekos\u00e9riov\u00e1 v\u00fdroba na jednovretenov\u00fdch a\u00a0viacvretenov\u00fdch automatoch , CNC s\u00fastru\u017en\u00edckych automatoch, krivkov\u00fdch a\u00a0dlhoto\u010dn\u00fdch automatoch (skrutky, \u0161peci\u00e1lne presn\u00e9 podlo\u017eky a\u00a0puzdr\u00e1, v\u0155tacie n\u00e1stroje)<\/li>\n<li>presn\u00e1 jemn\u00e1 mechanika (presn\u00e9 upinky)<\/li>\n<li>komplexn\u00e9 obr\u00e1banie v\u00fdrobkov a\u00a0n\u00e1sledn\u00e1 mont\u00e1\u017e n\u00e1ro\u010dn\u00fdch zost\u00e1v, rozmerovo od mal\u00fdch s\u00fa\u010diastok po zvarence a obrobky hmotnosti do 5\u00a0000 kg.<\/li>\n<li>v\u00fdroba, opracovanie i\u00a0 mechanick\u00e1, elektrotechnick\u00e1, pneumatick\u00e1 a hydraulick\u00e1 mont\u00e1\u017e sa prev\u00e1dza modernou technikou.<\/li>\n<\/ul>\n<p>&nbsp;<\/p>\n<p><strong>Zabezpe\u010denie po\u017eadovanej kvality<\/strong><\/p>\n<p>dielov a doh\u013ead nad kvalitou vyroben\u00fdch komponentov:<\/p>\n<ul>\n<li>spolupr\u00e1ca so zmluvn\u00fdmi partnermi a\u00a0dr\u017eite\u013emi ISO certifik\u00e1tu kvality ISO 9001, s\u00a0najnov\u0161\u00edmi technikami obr\u00e1bania,\u00a0pri\u010dom n\u00e1\u0161 poh\u013ead \u00a0smeruje neust\u00e1le do bud\u00facnosti<\/li>\n<\/ul>\n<ul>\n<li>v\u00fdstupn\u00e1 kontrola je zabezpe\u010dovan\u00e1 certifikovan\u00fdmi meradlami, ktor\u00e9 s\u00fa pravidelne kontrolovan\u00e9 a kalibrovan\u00e9.<\/li>\n<li>meranie presn\u00fdch dielov modern\u00fdm zariaden\u00edm 3D CNC <strong>Mitutoyo<\/strong><\/li>\n<li>v pr\u00edpade po\u017eiadavky je k jednotliv\u00fdm vyr\u00e1ban\u00fdm dielom vyhotoven\u00fd aj merac\u00ed protokol<\/li>\n<\/ul>\n<p>&nbsp;<\/p>\n<p><strong>\u0160pecializovan\u00e9 \u010dinnosti<\/strong><\/p>\n<p>ktor\u00e9 pon\u00fakame v\u00a0r\u00e1mci zabezpe\u010denia komplexnosti v\u00fdroby:<\/p>\n<ul>\n<li>tepeln\u00e9 spracovanie- kalenie, cementovanie, pop\u00fa\u0161\u0165anie, \u017e\u00edhanie, nitridovanie<\/li>\n<li>povrchov\u00e1 \u00faprava- chr\u00f3movanie, \u010diernenie, pieskovanie, zinkovanie, lakovanie, niklovanie<\/li>\n<li>vypa\u013eovanie a rezanie plazmou<\/li>\n<li>zv\u00e1ranie plame\u0148om a obl\u00fakom (CO2, arg\u00f3n)<\/li>\n<\/ul>\n<\/div>\n<\/div><\/div><\/div><\/div><\/div><\/div>","protected":false},"excerpt":{"rendered":"<p>Zabezpe\u010denie stroj\u00e1rskej v\u00fdroby na z\u00e1klade dokument\u00e1cie dodanej od z\u00e1kazn\u00edka: malos\u00e9riov\u00e1 a\u00a0kusov\u00e1 v\u00fdroba dielov, konven\u010dn\u00fdm obr\u00e1ban\u00edm a\u00a0CNC obr\u00e1ban\u00edm, sl\u00fa\u017eiacich pre mont\u00e1\u017ene linky a pre stavbu jedno\u00fa\u010delov\u00fdch strojov, v\u00fdroba vzoriek a\u00a0prototypov, v\u00fdroba presn\u00fdch dielov, n\u00e1stroj\u00e1rensk\u00e9 pr\u00e1ce na NC a\u00a0CNC obr\u00e1bac\u00edch strojoch (vymedzovacie kr\u00fa\u017eky a\u00a0pr\u00edruby v\u00e4\u010d\u0161\u00edch rozmerov, bubny a\u00a0valce pre dopravn\u00edkov\u00e9 syst\u00e9my) v\u00fdroba strojn\u00fdch s\u00fa\u010dast\u00ed, strojn\u00fdch zariaden\u00ed a &hellip;<\/p>\n","protected":false},"author":1,"featured_media":0,"parent":0,"menu_order":0,"comment_status":"closed","ping_status":"closed","template":"template-builder-page.php","meta":[],"_links":{"self":[{"href":"https:\/\/www.victorytech.sk\/index.php?rest_route=\/wp\/v2\/pages\/10343"}],"collection":[{"href":"https:\/\/www.victorytech.sk\/index.php?rest_route=\/wp\/v2\/pages"}],"about":[{"href":"https:\/\/www.victorytech.sk\/index.php?rest_route=\/wp\/v2\/types\/page"}],"author":[{"embeddable":true,"href":"https:\/\/www.victorytech.sk\/index.php?rest_route=\/wp\/v2\/users\/1"}],"replies":[{"embeddable":true,"href":"https:\/\/www.victorytech.sk\/index.php?rest_route=%2Fwp%2Fv2%2Fcomments&post=10343"}],"version-history":[{"count":32,"href":"https:\/\/www.victorytech.sk\/index.php?rest_route=\/wp\/v2\/pages\/10343\/revisions"}],"predecessor-version":[{"id":10430,"href":"https:\/\/www.victorytech.sk\/index.php?rest_route=\/wp\/v2\/pages\/10343\/revisions\/10430"}],"wp:attachment":[{"href":"https:\/\/www.victorytech.sk\/index.php?rest_route=%2Fwp%2Fv2%2Fmedia&parent=10343"}],"curies":[{"name":"wp","href":"https:\/\/api.w.org\/{rel}","templated":true}]}}