{"id":10341,"date":"2015-01-12T13:10:03","date_gmt":"2015-01-12T13:10:03","guid":{"rendered":"http:\/\/victorytech.sk\/?page_id=10341"},"modified":"2021-05-18T08:12:34","modified_gmt":"2021-05-18T08:12:34","slug":"profil-firmy","status":"publish","type":"page","link":"https:\/\/www.victorytech.sk\/?page_id=10341","title":{"rendered":"PROFIL FIRMY"},"content":{"rendered":"<div id=\"pl-10341\"  class=\"panel-layout\" ><div id=\"pg-10341-0\"  class=\"panel-grid panel-has-style\" ><div class=\"panel-row-style panel-row-style-for-10341-0\" ><div id=\"pgc-10341-0-0\"  class=\"panel-grid-cell\" ><div id=\"panel-10341-0-0-0\" class=\"so-panel widget widget_sow-editor panel-first-child panel-last-child\" data-index=\"0\" ><div class=\"so-widget-sow-editor so-widget-sow-editor-base\">\n<div class=\"siteorigin-widget-tinymce textwidget\">\n\t<p><img loading=\"lazy\" class=\"alignnone size-full wp-image-10584\" src=\"https:\/\/www.victorytech.sk\/wp-content\/uploads\/stroj-c.21.jpg\" sizes=\"(max-width: 600px) 100vw, 600px\" srcset=\"https:\/\/www.victorytech.sk\/wp-content\/uploads\/stroj-c.21.jpg 600w, https:\/\/www.victorytech.sk\/wp-content\/uploads\/stroj-c.21-100x56.jpg 100w, https:\/\/www.victorytech.sk\/wp-content\/uploads\/stroj-c.21-300x169.jpg 300w, https:\/\/www.victorytech.sk\/wp-content\/uploads\/stroj-c.21-120x68.jpg 120w, https:\/\/www.victorytech.sk\/wp-content\/uploads\/stroj-c.21-500x282.jpg 500w, https:\/\/www.victorytech.sk\/wp-content\/uploads\/stroj-c.21-555x313.jpg 555w\" alt=\"\" width=\"600\" height=\"338\" \/><\/p>\n<\/div>\n<\/div><\/div><\/div><div id=\"pgc-10341-0-1\"  class=\"panel-grid-cell\" ><div id=\"panel-10341-0-1-0\" class=\"so-panel widget widget_sow-editor panel-first-child panel-last-child\" data-index=\"1\" ><div class=\"so-widget-sow-editor so-widget-sow-editor-base\">\n<div class=\"siteorigin-widget-tinymce textwidget\">\n\t<p>Sme obchodn\u00e1 firma p\u00f4sobiaca v oblasti stroj\u00e1renstva, ktor\u00e1 sa zaober\u00e1 <strong>zabezpe\u010den\u00edm komplexnej v\u00fdroby dielov a\u00a0sortimentu<\/strong> pre \u010fal\u0161ie div\u00edzie spolo\u010dnosti.<\/p>\n<p>Zaober\u00e1me sa dod\u00e1vate\u013esko-odberate\u013esk\u00fdmi vz\u0165ahmi <strong>s cie\u013eom n\u00e1js\u0165 pre svojich obchodn\u00fdch partnerov adekv\u00e1tneho a kvalitn\u00e9ho dod\u00e1vate\u013ea<\/strong>, a\u00a0poskytn\u00fa\u0165 tieto slu\u017eby tak, aby boli na\u0161i z\u00e1kazn\u00edci spokojn\u00ed, a aby na\u0161li v n\u00e1s oporu na uskuto\u010dnenie svojich strategick\u00fdch podnikate\u013esk\u00fdch pl\u00e1nov.<\/p>\n<p>Na\u0161ou hlavnou aktivitou je <strong>orientova\u0165 sa na \u0161ir\u0161\u00ed okruh z\u00e1kazn\u00edkov z r\u00f4znych oblast\u00ed stroj\u00e1renstva<\/strong>, ktor\u00ed si chc\u00fa prostredn\u00edctvom externej spolupr\u00e1ce s na\u0161ou spolo\u010dnos\u0165ou <strong>zabezpe\u010di\u0165 bezstarostne v\u00fdber spo\u013eahliv\u00e9ho dod\u00e1vate\u013ea<\/strong> a tak i <strong>doh\u013ead nad kvalitou v\u00fdrobkov a\u00a0pr\u00e1ce.<\/strong><\/p>\n<\/div>\n<\/div><\/div><\/div><\/div><\/div><\/div>","protected":false},"excerpt":{"rendered":"<p>Sme obchodn\u00e1 firma p\u00f4sobiaca v oblasti stroj\u00e1renstva, ktor\u00e1 sa zaober\u00e1 zabezpe\u010den\u00edm komplexnej v\u00fdroby dielov a\u00a0sortimentu pre \u010fal\u0161ie div\u00edzie spolo\u010dnosti. Zaober\u00e1me sa dod\u00e1vate\u013esko-odberate\u013esk\u00fdmi vz\u0165ahmi s cie\u013eom n\u00e1js\u0165 pre svojich obchodn\u00fdch partnerov adekv\u00e1tneho a kvalitn\u00e9ho dod\u00e1vate\u013ea, a\u00a0poskytn\u00fa\u0165 tieto slu\u017eby tak, aby boli na\u0161i z\u00e1kazn\u00edci spokojn\u00ed, a aby na\u0161li v n\u00e1s oporu na uskuto\u010dnenie svojich strategick\u00fdch podnikate\u013esk\u00fdch pl\u00e1nov. &hellip;<\/p>\n","protected":false},"author":1,"featured_media":0,"parent":0,"menu_order":0,"comment_status":"closed","ping_status":"closed","template":"template-builder-page.php","meta":[],"_links":{"self":[{"href":"https:\/\/www.victorytech.sk\/index.php?rest_route=\/wp\/v2\/pages\/10341"}],"collection":[{"href":"https:\/\/www.victorytech.sk\/index.php?rest_route=\/wp\/v2\/pages"}],"about":[{"href":"https:\/\/www.victorytech.sk\/index.php?rest_route=\/wp\/v2\/types\/page"}],"author":[{"embeddable":true,"href":"https:\/\/www.victorytech.sk\/index.php?rest_route=\/wp\/v2\/users\/1"}],"replies":[{"embeddable":true,"href":"https:\/\/www.victorytech.sk\/index.php?rest_route=%2Fwp%2Fv2%2Fcomments&post=10341"}],"version-history":[{"count":57,"href":"https:\/\/www.victorytech.sk\/index.php?rest_route=\/wp\/v2\/pages\/10341\/revisions"}],"predecessor-version":[{"id":10682,"href":"https:\/\/www.victorytech.sk\/index.php?rest_route=\/wp\/v2\/pages\/10341\/revisions\/10682"}],"wp:attachment":[{"href":"https:\/\/www.victorytech.sk\/index.php?rest_route=%2Fwp%2Fv2%2Fmedia&parent=10341"}],"curies":[{"name":"wp","href":"https:\/\/api.w.org\/{rel}","templated":true}]}}